{"id":1122,"date":"2020-03-24T22:23:04","date_gmt":"2020-03-24T22:23:04","guid":{"rendered":"https:\/\/mar-pla.com\/avis-legal\/"},"modified":"2025-11-16T18:30:30","modified_gmt":"2025-11-16T17:30:30","slug":"avis-legal","status":"publish","type":"page","link":"https:\/\/mar-pla.com\/ca\/avis-legal\/","title":{"rendered":"Av\u00eds Legal"},"content":{"rendered":"\t\t<div data-elementor-type=\"wp-post\" data-elementor-id=\"1122\" class=\"elementor elementor-1122 elementor-3\" data-elementor-post-type=\"page\">\n\t\t\t\t\t\t\t\t\t<section class=\"elementor-section elementor-top-section elementor-element elementor-element-25d13457 elementor-section-boxed elementor-section-height-default elementor-section-height-default\" data-id=\"25d13457\" data-element_type=\"section\" data-settings=\"{&quot;jet_parallax_layout_list&quot;:[{&quot;jet_parallax_layout_image&quot;:{&quot;url&quot;:&quot;&quot;,&quot;id&quot;:&quot;&quot;,&quot;size&quot;:&quot;&quot;},&quot;_id&quot;:&quot;72e9cfa&quot;,&quot;jet_parallax_layout_image_tablet&quot;:{&quot;url&quot;:&quot;&quot;,&quot;id&quot;:&quot;&quot;,&quot;size&quot;:&quot;&quot;},&quot;jet_parallax_layout_image_mobile&quot;:{&quot;url&quot;:&quot;&quot;,&quot;id&quot;:&quot;&quot;,&quot;size&quot;:&quot;&quot;},&quot;jet_parallax_layout_speed&quot;:{&quot;unit&quot;:&quot;%&quot;,&quot;size&quot;:50,&quot;sizes&quot;:[]},&quot;jet_parallax_layout_type&quot;:&quot;scroll&quot;,&quot;jet_parallax_layout_direction&quot;:null,&quot;jet_parallax_layout_fx_direction&quot;:null,&quot;jet_parallax_layout_z_index&quot;:&quot;&quot;,&quot;jet_parallax_layout_bg_x&quot;:50,&quot;jet_parallax_layout_bg_x_tablet&quot;:&quot;&quot;,&quot;jet_parallax_layout_bg_x_mobile&quot;:&quot;&quot;,&quot;jet_parallax_layout_bg_y&quot;:50,&quot;jet_parallax_layout_bg_y_tablet&quot;:&quot;&quot;,&quot;jet_parallax_layout_bg_y_mobile&quot;:&quot;&quot;,&quot;jet_parallax_layout_bg_size&quot;:&quot;auto&quot;,&quot;jet_parallax_layout_bg_size_tablet&quot;:&quot;&quot;,&quot;jet_parallax_layout_bg_size_mobile&quot;:&quot;&quot;,&quot;jet_parallax_layout_animation_prop&quot;:&quot;transform&quot;,&quot;jet_parallax_layout_on&quot;:[&quot;desktop&quot;,&quot;tablet&quot;]}]}\">\n\t\t\t\t\t\t<div class=\"elementor-container elementor-column-gap-default\">\n\t\t\t\t\t<div class=\"elementor-column elementor-col-100 elementor-top-column elementor-element elementor-element-498a396d\" data-id=\"498a396d\" data-element_type=\"column\">\n\t\t\t<div class=\"elementor-widget-wrap elementor-element-populated\">\n\t\t\t\t\t\t\t\t<div class=\"elementor-element elementor-element-a7e4612 elementor-absolute elementor-widget elementor-widget-jet-inline-svg\" data-id=\"a7e4612\" data-element_type=\"widget\" data-settings=\"{&quot;motion_fx_motion_fx_scrolling&quot;:&quot;yes&quot;,&quot;motion_fx_translateY_effect&quot;:&quot;yes&quot;,&quot;motion_fx_translateY_direction&quot;:&quot;negative&quot;,&quot;motion_fx_translateY_speed&quot;:{&quot;unit&quot;:&quot;px&quot;,&quot;size&quot;:10,&quot;sizes&quot;:[]},&quot;motion_fx_translateY_affectedRange&quot;:{&quot;unit&quot;:&quot;%&quot;,&quot;size&quot;:&quot;&quot;,&quot;sizes&quot;:{&quot;start&quot;:2,&quot;end&quot;:100}},&quot;_position&quot;:&quot;absolute&quot;,&quot;motion_fx_devices&quot;:[&quot;desktop&quot;,&quot;tablet&quot;,&quot;mobile&quot;]}\" data-widget_type=\"jet-inline-svg.default\">\n\t\t\t\t<div class=\"elementor-widget-container\">\n\t\t\t<div class=\"elementor-jet-inline-svg jet-elements\"><div class=\"jet-inline-svg__wrapper\"><div class=\"jet-inline-svg\"><div class=\"jet-inline-svg__inner\"><?xml version=\"1.0\" encoding=\"UTF-8\"?>\n<svg width=\"472px\" height=\"459px\" viewBox=\"0 0 472 459\" version=\"1.1\" xmlns=\"http:\/\/www.w3.org\/2000\/svg\" xmlns:xlink=\"http:\/\/www.w3.org\/1999\/xlink\">\n    <!-- Generator: Sketch 61 (89581) - https:\/\/sketch.com -->\n    <title>Fill 1 Copy<\/title>\n    <desc>Created with Sketch.<\/desc>\n    <g id=\"Welcome\" stroke=\"none\" stroke-width=\"1\" fill=\"none\" fill-rule=\"evenodd\">\n        <g id=\"Contacto\" transform=\"translate(-757.000000, -534.000000)\" fill=\"#FEEFE4\">\n            <path d=\"M771.266953,865.683911 C786.042556,911.857209 814.474412,957.289547 858.062926,977.553404 C876.965895,986.341169 897.599595,989.891755 918.000149,991.643541 C1044.96987,1002.5473 1192.07378,948.049183 1225.29264,816.025849 C1243.70205,742.859568 1190.27943,661.319569 1137.22596,610.596456 C1091.50028,566.879231 1031.45588,538.166746 970.220691,534.463516 C885.012552,529.310652 824.369312,567.28795 787.953472,640.035482 C754.03016,707.80442 747.260789,790.667113 771.266953,865.683911\" id=\"Fill-1-Copy\"><\/path>\n        <\/g>\n    <\/g>\n<\/svg><\/div><\/div><\/div><\/div>\t\t<\/div>\n\t\t\t\t<\/div>\n\t\t\t\t<div class=\"elementor-element elementor-element-126c3bf elementor-absolute elementor-widget elementor-widget-jet-inline-svg\" data-id=\"126c3bf\" data-element_type=\"widget\" data-settings=\"{&quot;motion_fx_motion_fx_scrolling&quot;:&quot;yes&quot;,&quot;motion_fx_translateY_effect&quot;:&quot;yes&quot;,&quot;motion_fx_translateY_direction&quot;:&quot;negative&quot;,&quot;motion_fx_translateY_speed&quot;:{&quot;unit&quot;:&quot;px&quot;,&quot;size&quot;:5.4,&quot;sizes&quot;:[]},&quot;motion_fx_translateY_affectedRange&quot;:{&quot;unit&quot;:&quot;%&quot;,&quot;size&quot;:&quot;&quot;,&quot;sizes&quot;:{&quot;start&quot;:2,&quot;end&quot;:100}},&quot;_position&quot;:&quot;absolute&quot;,&quot;motion_fx_devices&quot;:[&quot;desktop&quot;,&quot;tablet&quot;,&quot;mobile&quot;]}\" data-widget_type=\"jet-inline-svg.default\">\n\t\t\t\t<div class=\"elementor-widget-container\">\n\t\t\t<div class=\"elementor-jet-inline-svg jet-elements\"><div class=\"jet-inline-svg__wrapper\"><div class=\"jet-inline-svg jet-inline-svg--custom-width jet-inline-svg--custom-color\"><div class=\"jet-inline-svg__inner\"><?xml version=\"1.0\" encoding=\"UTF-8\"?>\n<svg width=\"790px\" height=\"795px\" viewBox=\"0 0 790 795\" version=\"1.1\" xmlns=\"http:\/\/www.w3.org\/2000\/svg\" xmlns:xlink=\"http:\/\/www.w3.org\/1999\/xlink\">\n    <!-- Generator: Sketch 61 (89581) - https:\/\/sketch.com -->\n    <title>Fill 6 Copy<\/title>\n    <desc>Created with Sketch.<\/desc>\n    <g id=\"Welcome\" stroke=\"none\" stroke-width=\"1\" fill=\"none\" fill-rule=\"evenodd\" opacity=\"0.705380394\">\n        <g id=\"Servicios-Coaching\" transform=\"translate(-492.000000, -608.000000)\" fill=\"currentColor\">\n            <path d=\"M1313.89945,923.556934 C1287.51292,836.343875 1236.37743,757.278626 1173.41585,701.796342 C1077.28296,617.080407 947.29423,587.775791 831.230565,624.651617 C715.1669,661.527443 615.56976,763.780907 569.048233,893.82652 C536.95477,983.541138 515.329692,1097.60604 557.036821,1188.11016 C577.667252,1232.88098 614.370888,1265.68512 654.901837,1283.85247 C714.667685,1310.64666 763.276838,1299.30537 822.982174,1291.37933 C864.572064,1285.8617 906.559057,1284.46899 948.345607,1287.2278 C1037.22097,1293.09139 1169.28977,1324.36975 1249.27003,1267.00687 C1281.73791,1243.72107 1306.86505,1206.47267 1318.09739,1163.8264 C1320.26443,1155.59876 1322.1554,1146.98523 1323.77407,1138.07897 C1336.1145,1070.15985 1332.5368,985.168926 1313.89945,923.556934 Z\" id=\"Fill-6-Copy\" transform=\"translate(932.500000, 955.000000) rotate(-312.000000) translate(-932.500000, -955.000000) \"><\/path>\n        <\/g>\n    <\/g>\n<\/svg><\/div><\/div><\/div><\/div>\t\t<\/div>\n\t\t\t\t<\/div>\n\t\t\t\t<div class=\"elementor-element elementor-element-6fcc134 h1 elementor-widget elementor-widget-heading\" data-id=\"6fcc134\" data-element_type=\"widget\" data-widget_type=\"heading.default\">\n\t\t\t\t<div class=\"elementor-widget-container\">\n\t\t\t<h1 class=\"elementor-heading-title elementor-size-default\">AV\u00cdS LEGAL<\/h1>\t\t<\/div>\n\t\t\t\t<\/div>\n\t\t\t\t<div class=\"elementor-element elementor-element-1604af1d max700 elementor-widget elementor-widget-text-editor\" data-id=\"1604af1d\" data-element_type=\"widget\" data-widget_type=\"text-editor.default\">\n\t\t\t\t<div class=\"elementor-widget-container\">\n\t\t\t\t\t\t\t<h2><b>I.- Informaci\u00f3n legal y aceptaci\u00f3n<\/b><\/h2>\n<p><span style=\"font-weight: 400;\">Esta p\u00e1gina web es propiedad de <\/span><span style=\"font-weight: 400;\">Mar Pla Ripoll,<\/span><span style=\"font-weight: 400;\"> con NIF: 38096836G, domiciliada en Passatge Avinguda Comte Sallent, 17, principal B. 07003 Palma, tel .: +34600608540, e-mail: mar@mar-pla,com, y que pone a su disposici\u00f3n estar sujeto a las condiciones que a continuaci\u00f3n se exponen.<\/span><\/p>\n<p><span style=\"font-weight: 400;\">Su acceso y utilizaci\u00f3n implica la aceptaci\u00f3n expresa de todas ellas, raz\u00f3n por la cual el usuario debe leerlas detenidamente.<\/span><\/p>\n<p><span style=\"font-weight: 400;\">Su acceso es gratuito para todos los usuarios (excepto en lo relativo al coste de la conexi\u00f3n).<\/span><\/p>\n<p><span style=\"font-weight: 400;\">\u00a0<\/span><\/p>\n<h2><b>II.- Condiciones de uso de la p\u00e1gina<\/b><\/h2>\n<p><span style=\"font-weight: 400;\">El usuario se obliga a hacer un uso correcto de \u00e9sta p\u00e1gina web de conformidad con la Ley y el presente Aviso Legal. En caso contrario, responder\u00e1 frente a Mar Pla Ripoll. de cualesquiera da\u00f1os y perjuicios que pudieran causarse como consecuencia del incumplimiento de dicha obligaci\u00f3n.<\/span><\/p>\n<p><span style=\"font-weight: 400;\">Queda expresamente prohibido el uso de la p\u00e1gina web con fines lesivos de bienes o intereses de Mar Pla Ripoll, o de terceros o que, de cualquier forma sobrecarguen, da\u00f1en o inutilicen las redes, servidores y dem\u00e1s equipos inform\u00e1ticos, o productos y aplicaciones inform\u00e1ticas.<\/span><\/p>\n<p><span style=\"font-weight: 400;\">Los contenidos y materiales de la web han sido preparados con fines \u00fanicamente informativos, debiendo tenerse en cuenta que, pese al esfuerzo que realizamos, puede que no est\u00e9n actualizados. Mar Pla Ripoll se reserva el derecho de actualizarlos, modificarlos o suprimirlos a su conveniencia.<\/span><\/p>\n<p><span style=\"font-weight: 400;\">Asimismo se procura que los enlaces a otros sitios web no gestionados por nosotros, sean correctos y adecuados, pero no se asume responsabilidad alguna en cuanto a su contenido o estado, no asumiendo en ning\u00fan caso como propia la informaci\u00f3n que pudiera ser obtenida en los mismos, ni garantizando la veracidad de la misma.<\/span><\/p>\n<p><span style=\"font-weight: 400;\">Mar Pla Ripoll intenta la ausencia de virus u otros elementos que pudieran lesionar o alterar el sistema inform\u00e1tico del receptor, por lo que no se responder\u00e1 de los da\u00f1os que pudieran ser ocasionados de tal modo, si bien no puede garantizar este extremo, declin\u00e1ndose cualquier responsabilidad sobre el buen funcionamiento de las redes de telecomunicaciones de acceso a esta p\u00e1gina web y a sus enlaces.<\/span><\/p>\n<p><span style=\"font-weight: 400;\">Mar Pla Ripoll se reserva el derecho de utilizar cookies durante la prestaci\u00f3n del servicio de esta p\u00e1gina, para su buen funcionamiento.<\/span><\/p>\n<p><span style=\"font-weight: 400;\">\u00a0<\/span><\/p>\n<h2><b>III.- Confidencialidad y privacidad<\/b><\/h2>\n<p><span style=\"font-weight: 400;\">Mar Pla Ripoll se compromete expl\u00edcitamente a mantener todos los datos e informaciones recibidas de sus usuarios o clientes a trav\u00e9s de esta web en la m\u00e1s estricta confidencialidad.<\/span><\/p>\n<p><span style=\"font-weight: 400;\">Mar Pla Ripoll solo solicitar\u00e1 a sus usuarios y\/o clientes los datos imprescindibles de car\u00e1cter personal. Dichos datos ser\u00e1n tratados exclusivamente para la comunicaci\u00f3n y\/o tr\u00e1mites encomendados entre el usuario y Mar Pla Ripoll y en ning\u00fan caso ser\u00e1n destinados a otros usos ni cedidos a terceros.<\/span><\/p>\n<p><span style=\"font-weight: 400;\">\u00a0<\/span><\/p>\n<h2><b>IV.- Protecci\u00f3n de Datos Personales<\/b><\/h2>\n<p><span style=\"font-weight: 400;\">Los datos de car\u00e1cter personal aportados por los usuarios de esta p\u00e1gina web, ser\u00e1n tratados conforme a lo dispuesto en la Ley 15\/1999, de Protecci\u00f3n de Datos de Car\u00e1cter Personal. Podr\u00e1n formar parte de un fichero automatizado propiedad de Mar Pla Ripoll destinado a sus fines propios. En todo caso el usuario ostenta el derecho de informaci\u00f3n, rectificaci\u00f3n y cancelaci\u00f3n de \u00e9stos, dirigi\u00e9ndose a <\/span><a href=\"mailto:mar@mar-pla.com\"><span style=\"font-weight: 400;\">mar@mar-pla.com<\/span><\/a><\/p>\n<p><span style=\"font-weight: 400;\">\u00a0<\/span><\/p>\n<h2><b>V.- Propiedad Intelectual e Industrial<\/b><\/h2>\n<p><span style=\"font-weight: 400;\">@2020 Mar Pla Ripoll Todos los derechos reservados.<\/span><\/p>\n<p><span style=\"font-weight: 400;\">Los contenidos de esta p\u00e1gina (textos, fotograf\u00edas, gr\u00e1ficos, im\u00e1genes, iconos, links, ficheros, marcas, nombres comerciales, signos distintivos, dise\u00f1o gr\u00e1fico, etc.) son propiedad intelectual de Mar Pla Ripoll o de terceros, sin que pueda entenderse cedidos al usuario ninguno de los derechos de explotaci\u00f3n sobre los mismos, m\u00e1s all\u00e1 del estricto y correcto uso.<\/span><\/p>\n<p><span style=\"font-weight: 400;\">En particular, quedan prohibidas la reproducci\u00f3n, excepto para uso privado, la transformaci\u00f3n, distribuci\u00f3n, comunicaci\u00f3n p\u00fablica, puesta a disposici\u00f3n del p\u00fablico y en general cualquier otra forma de explotaci\u00f3n, por cualquier procedimiento, de todo o parte de los contenidos de esta p\u00e1gina web, as\u00ed como de su dise\u00f1o y la selecci\u00f3n y forma de presentaci\u00f3n de los materiales incluidos en la misma. Estos actos de explotaci\u00f3n s\u00f3lo podr\u00e1n ser realizados si media la autorizaci\u00f3n expresa de Mar Pla Ripoll y siempre que se haga referencia expl\u00edcita a la titularidad de Mar Pla Ripoll de los indicados derechos de propiedad intelectual.<\/span><\/p>\n<p><span style=\"font-weight: 400;\">\u00a0<\/span><\/p>\n<h2><b>VI.- Jurisdicci\u00f3n aplicable<\/b><\/h2>\n<p><span style=\"font-weight: 400;\">Todas las cuestiones y\/o conflictos relativos al uso de esta p\u00e1gina web se regir\u00e1n por los Juzgados de Palma de Mallorca.<\/span><\/p>\n\t\t\t\t\t\t<\/div>\n\t\t\t\t<\/div>\n\t\t\t\t\t<\/div>\n\t\t<\/div>\n\t\t\t\t\t\t\t<\/div>\n\t\t<\/section>\n\t\t\t\t\t\t\t<\/div>\n\t\t","protected":false},"excerpt":{"rendered":"<p>Fill 1 Copy Created with Sketch. Fill 6 Copy Created with Sketch. AV\u00cdS LEGAL I.- Informaci\u00f3n legal y aceptaci\u00f3n Esta p\u00e1gina web es propiedad de Mar Pla Ripoll, con NIF: 38096836G, domiciliada en Passatge Avinguda Comte Sallent, 17, principal B. 07003 Palma, tel .: +34600608540, e-mail: mar@mar-pla,com, y que pone a su disposici\u00f3n estar sujeto [&hellip;]<\/p>\n","protected":false},"author":1,"featured_media":0,"parent":0,"menu_order":0,"comment_status":"closed","ping_status":"open","template":"elementor_header_footer","meta":{"footnotes":""},"yoast_head":"<!-- This site is optimized with the Yoast SEO Premium plugin v16.7 (Yoast SEO v21.2) - https:\/\/yoast.com\/wordpress\/plugins\/seo\/ -->\n<title>Av\u00eds Legal &#8226; MAR PLA<\/title>\n<meta name=\"robots\" content=\"index, follow, max-snippet:-1, max-image-preview:large, max-video-preview:-1\" \/>\n<link rel=\"canonical\" href=\"https:\/\/mar-pla.com\/ca\/avis-legal\/\" \/>\n<meta property=\"og:locale\" content=\"ca_ES\" \/>\n<meta property=\"og:type\" content=\"article\" \/>\n<meta property=\"og:title\" content=\"Av\u00eds Legal\" \/>\n<meta property=\"og:description\" content=\"Fill 1 Copy Created with Sketch. Fill 6 Copy Created with Sketch. AV\u00cdS LEGAL I.- Informaci\u00f3n legal y aceptaci\u00f3n Esta p\u00e1gina web es propiedad de Mar Pla Ripoll, con NIF: 38096836G, domiciliada en Passatge Avinguda Comte Sallent, 17, principal B. 07003 Palma, tel .: +34600608540, e-mail: mar@mar-pla,com, y que pone a su disposici\u00f3n estar sujeto [&hellip;]\" \/>\n<meta property=\"og:url\" content=\"https:\/\/mar-pla.com\/ca\/avis-legal\/\" \/>\n<meta property=\"og:site_name\" content=\"MAR PLA\" \/>\n<meta property=\"article:publisher\" content=\"https:\/\/www.facebook.com\/mar.pla.7\" \/>\n<meta property=\"article:modified_time\" content=\"2025-11-16T17:30:30+00:00\" \/>\n<meta name=\"twitter:card\" content=\"summary_large_image\" \/>\n<meta name=\"twitter:label1\" content=\"Temps estimat de lectura\" \/>\n\t<meta name=\"twitter:data1\" content=\"4 minuts\" \/>\n<script type=\"application\/ld+json\" class=\"yoast-schema-graph\">{\"@context\":\"https:\/\/schema.org\",\"@graph\":[{\"@type\":\"WebPage\",\"@id\":\"https:\/\/mar-pla.com\/ca\/avis-legal\/\",\"url\":\"https:\/\/mar-pla.com\/ca\/avis-legal\/\",\"name\":\"Av\u00eds Legal &#8226; MAR PLA\",\"isPartOf\":{\"@id\":\"https:\/\/mar-pla.com\/ca\/#website\"},\"datePublished\":\"2020-03-24T22:23:04+00:00\",\"dateModified\":\"2025-11-16T17:30:30+00:00\",\"breadcrumb\":{\"@id\":\"https:\/\/mar-pla.com\/ca\/avis-legal\/#breadcrumb\"},\"inLanguage\":\"ca\",\"potentialAction\":[{\"@type\":\"ReadAction\",\"target\":[\"https:\/\/mar-pla.com\/ca\/avis-legal\/\"]}]},{\"@type\":\"BreadcrumbList\",\"@id\":\"https:\/\/mar-pla.com\/ca\/avis-legal\/#breadcrumb\",\"itemListElement\":[{\"@type\":\"ListItem\",\"position\":1,\"name\":\"Home\",\"item\":\"https:\/\/mar-pla.com\/ca\/\"},{\"@type\":\"ListItem\",\"position\":2,\"name\":\"Av\u00eds Legal\"}]},{\"@type\":\"WebSite\",\"@id\":\"https:\/\/mar-pla.com\/ca\/#website\",\"url\":\"https:\/\/mar-pla.com\/ca\/\",\"name\":\"MAR PLA\",\"description\":\"Acompa\u00f1amiento Psicol\u00f3gico Y Emocional\",\"publisher\":{\"@id\":\"https:\/\/mar-pla.com\/ca\/#organization\"},\"potentialAction\":[{\"@type\":\"SearchAction\",\"target\":{\"@type\":\"EntryPoint\",\"urlTemplate\":\"https:\/\/mar-pla.com\/ca\/?s={search_term_string}\"},\"query-input\":\"required name=search_term_string\"}],\"inLanguage\":\"ca\"},{\"@type\":\"Organization\",\"@id\":\"https:\/\/mar-pla.com\/ca\/#organization\",\"name\":\"MAR PLA\",\"url\":\"https:\/\/mar-pla.com\/ca\/\",\"logo\":{\"@type\":\"ImageObject\",\"inLanguage\":\"ca\",\"@id\":\"https:\/\/mar-pla.com\/ca\/#\/schema\/logo\/image\/\",\"url\":\"https:\/\/mar-pla.com\/wp-content\/uploads\/2020\/03\/logo_2.png\",\"contentUrl\":\"https:\/\/mar-pla.com\/wp-content\/uploads\/2020\/03\/logo_2.png\",\"width\":328,\"height\":319,\"caption\":\"MAR PLA\"},\"image\":{\"@id\":\"https:\/\/mar-pla.com\/ca\/#\/schema\/logo\/image\/\"},\"sameAs\":[\"https:\/\/www.facebook.com\/mar.pla.7\",\"https:\/\/www.instagram.com\/fesquepassi\/\"]}]}<\/script>\n<!-- \/ Yoast SEO Premium plugin. -->","yoast_head_json":{"title":"Av\u00eds Legal &#8226; MAR PLA","robots":{"index":"index","follow":"follow","max-snippet":"max-snippet:-1","max-image-preview":"max-image-preview:large","max-video-preview":"max-video-preview:-1"},"canonical":"https:\/\/mar-pla.com\/ca\/avis-legal\/","og_locale":"ca_ES","og_type":"article","og_title":"Av\u00eds Legal","og_description":"Fill 1 Copy Created with Sketch. Fill 6 Copy Created with Sketch. AV\u00cdS LEGAL I.- Informaci\u00f3n legal y aceptaci\u00f3n Esta p\u00e1gina web es propiedad de Mar Pla Ripoll, con NIF: 38096836G, domiciliada en Passatge Avinguda Comte Sallent, 17, principal B. 07003 Palma, tel .: +34600608540, e-mail: mar@mar-pla,com, y que pone a su disposici\u00f3n estar sujeto [&hellip;]","og_url":"https:\/\/mar-pla.com\/ca\/avis-legal\/","og_site_name":"MAR PLA","article_publisher":"https:\/\/www.facebook.com\/mar.pla.7","article_modified_time":"2025-11-16T17:30:30+00:00","twitter_card":"summary_large_image","twitter_misc":{"Temps estimat de lectura":"4 minuts"},"schema":{"@context":"https:\/\/schema.org","@graph":[{"@type":"WebPage","@id":"https:\/\/mar-pla.com\/ca\/avis-legal\/","url":"https:\/\/mar-pla.com\/ca\/avis-legal\/","name":"Av\u00eds Legal &#8226; MAR PLA","isPartOf":{"@id":"https:\/\/mar-pla.com\/ca\/#website"},"datePublished":"2020-03-24T22:23:04+00:00","dateModified":"2025-11-16T17:30:30+00:00","breadcrumb":{"@id":"https:\/\/mar-pla.com\/ca\/avis-legal\/#breadcrumb"},"inLanguage":"ca","potentialAction":[{"@type":"ReadAction","target":["https:\/\/mar-pla.com\/ca\/avis-legal\/"]}]},{"@type":"BreadcrumbList","@id":"https:\/\/mar-pla.com\/ca\/avis-legal\/#breadcrumb","itemListElement":[{"@type":"ListItem","position":1,"name":"Home","item":"https:\/\/mar-pla.com\/ca\/"},{"@type":"ListItem","position":2,"name":"Av\u00eds Legal"}]},{"@type":"WebSite","@id":"https:\/\/mar-pla.com\/ca\/#website","url":"https:\/\/mar-pla.com\/ca\/","name":"MAR PLA","description":"Acompa\u00f1amiento Psicol\u00f3gico Y Emocional","publisher":{"@id":"https:\/\/mar-pla.com\/ca\/#organization"},"potentialAction":[{"@type":"SearchAction","target":{"@type":"EntryPoint","urlTemplate":"https:\/\/mar-pla.com\/ca\/?s={search_term_string}"},"query-input":"required name=search_term_string"}],"inLanguage":"ca"},{"@type":"Organization","@id":"https:\/\/mar-pla.com\/ca\/#organization","name":"MAR PLA","url":"https:\/\/mar-pla.com\/ca\/","logo":{"@type":"ImageObject","inLanguage":"ca","@id":"https:\/\/mar-pla.com\/ca\/#\/schema\/logo\/image\/","url":"https:\/\/mar-pla.com\/wp-content\/uploads\/2020\/03\/logo_2.png","contentUrl":"https:\/\/mar-pla.com\/wp-content\/uploads\/2020\/03\/logo_2.png","width":328,"height":319,"caption":"MAR PLA"},"image":{"@id":"https:\/\/mar-pla.com\/ca\/#\/schema\/logo\/image\/"},"sameAs":["https:\/\/www.facebook.com\/mar.pla.7","https:\/\/www.instagram.com\/fesquepassi\/"]}]}},"_links":{"self":[{"href":"https:\/\/mar-pla.com\/ca\/wp-json\/wp\/v2\/pages\/1122"}],"collection":[{"href":"https:\/\/mar-pla.com\/ca\/wp-json\/wp\/v2\/pages"}],"about":[{"href":"https:\/\/mar-pla.com\/ca\/wp-json\/wp\/v2\/types\/page"}],"author":[{"embeddable":true,"href":"https:\/\/mar-pla.com\/ca\/wp-json\/wp\/v2\/users\/1"}],"replies":[{"embeddable":true,"href":"https:\/\/mar-pla.com\/ca\/wp-json\/wp\/v2\/comments?post=1122"}],"version-history":[{"count":2,"href":"https:\/\/mar-pla.com\/ca\/wp-json\/wp\/v2\/pages\/1122\/revisions"}],"predecessor-version":[{"id":2361,"href":"https:\/\/mar-pla.com\/ca\/wp-json\/wp\/v2\/pages\/1122\/revisions\/2361"}],"wp:attachment":[{"href":"https:\/\/mar-pla.com\/ca\/wp-json\/wp\/v2\/media?parent=1122"}],"curies":[{"name":"wp","href":"https:\/\/api.w.org\/{rel}","templated":true}]}}